{"id":2381,"date":"2021-02-05T13:37:48","date_gmt":"2021-02-05T13:37:48","guid":{"rendered":"http:\/\/web21.jm-data.com\/?page_id=2381"},"modified":"2021-09-24T17:59:59","modified_gmt":"2021-09-24T15:59:59","slug":"solutions","status":"publish","type":"page","link":"https:\/\/web21.jm-data.com\/de\/loesungen\/","title":{"rendered":"ISP-L\u00f6sungen von JM-DATA"},"content":{"rendered":"<p><img loading=\"lazy\" decoding=\"async\" width=\"1200\" height=\"350\" src=\"http:\/\/web21.jm-data.com\/wp-content\/uploads\/2021\/05\/linz.png\" alt=\"\" loading=\"lazy\" srcset=\"https:\/\/i2.wp.com\/web21.jm-data.com\/wp-content\/uploads\/2021\/05\/linz.png?w=1200 1200w, https:\/\/i2.wp.com\/web21.jm-data.com\/wp-content\/uploads\/2021\/05\/linz.png?resize=300%2C88 300w, https:\/\/i2.wp.com\/web21.jm-data.com\/wp-content\/uploads\/2021\/05\/linz.png?resize=1024%2C299 1024w, https:\/\/i2.wp.com\/web21.jm-data.com\/wp-content\/uploads\/2021\/05\/linz.png?resize=768%2C224 768w, https:\/\/i2.wp.com\/web21.jm-data.com\/wp-content\/uploads\/2021\/05\/linz.png?resize=600%2C175 600w\" sizes=\"(max-width: 1200px) 100vw, 1200px\" \/>\t\t\t\t\t\t\t\t\t\t\t\t\t\t<\/p>\n<h2>ISP L\u00f6sungen von JM-DATA<\/h2>\n<p>Wir als JM-DATA haben f\u00fcr Sie die perfekte L\u00f6sungen im Bereich:<\/p>\n<ul>\n<li>DOCSIS Netzwerke<\/li>\n<li>Fiber Netzwerke (GPON, GEPON, xPON, Active Ethernet und RFOG)<\/li>\n<li>Wireless Netzwerke<\/li>\n<li>xDSL Netzwerke<\/li>\n<li>JM-TESTSUITE<\/li>\n<\/ul>\n<p>\t\t\t\t\t\t\t\t\t\t\t\t\t<a href=\"#DE-Picture-Solution\"><br \/>\n\t\t\t\t\t\t\t<img loading=\"lazy\" decoding=\"async\" width=\"277\" height=\"300\" src=\"http:\/\/web21.jm-data.com\/wp-content\/uploads\/2021\/05\/jm-solution-netzwerk-skizze-277x300.jpg\" alt=\"\" loading=\"lazy\" srcset=\"https:\/\/i0.wp.com\/web21.jm-data.com\/wp-content\/uploads\/2021\/05\/jm-solution-netzwerk-skizze-scaled.jpg?resize=277%2C300 277w, https:\/\/i0.wp.com\/web21.jm-data.com\/wp-content\/uploads\/2021\/05\/jm-solution-netzwerk-skizze-scaled.jpg?resize=946%2C1024 946w, https:\/\/i0.wp.com\/web21.jm-data.com\/wp-content\/uploads\/2021\/05\/jm-solution-netzwerk-skizze-scaled.jpg?resize=768%2C831 768w, https:\/\/i0.wp.com\/web21.jm-data.com\/wp-content\/uploads\/2021\/05\/jm-solution-netzwerk-skizze-scaled.jpg?resize=1419%2C1536 1419w, https:\/\/i0.wp.com\/web21.jm-data.com\/wp-content\/uploads\/2021\/05\/jm-solution-netzwerk-skizze-scaled.jpg?resize=1892%2C2048 1892w, https:\/\/i0.wp.com\/web21.jm-data.com\/wp-content\/uploads\/2021\/05\/jm-solution-netzwerk-skizze-scaled.jpg?resize=600%2C649 600w, https:\/\/i0.wp.com\/web21.jm-data.com\/wp-content\/uploads\/2021\/05\/jm-solution-netzwerk-skizze-scaled.jpg?w=2000 2000w\" sizes=\"(max-width: 277px) 100vw, 277px\" \/>\t\t\t\t\t\t\t\t<\/a><\/p>\n<blockquote>\n<p style=\"text-align: center;\">Alle <strong>JM-DATA L\u00f6sungen<\/strong> sind perfekt auf Sie und untereinander abgestimmt und die Bedienung ist Plug&amp;Play<b>.<\/b><\/p>\n<p style=\"text-align: center;\">Der\u00a0J<b style=\"color: #ff0000;\">M-DATA ASSISTANT<\/b>\u00a024&#215;7 Support rundet auch nach Inbetriebnahme das\u00a0<b>Rund-um-sorglos-Paket <\/b>f\u00fcr Sie ab!<\/p>\n<\/blockquote>\n<p>\t\t\t\t\t\t\t\t\t\t\t\t<img loading=\"lazy\" decoding=\"async\" width=\"946\" height=\"1024\" src=\"http:\/\/web21.jm-data.com\/wp-content\/uploads\/2021\/05\/jm-solution-netzwerk-skizze-946x1024.jpg\" alt=\"\" loading=\"lazy\" srcset=\"https:\/\/i0.wp.com\/web21.jm-data.com\/wp-content\/uploads\/2021\/05\/jm-solution-netzwerk-skizze-scaled.jpg?resize=946%2C1024 946w, https:\/\/i0.wp.com\/web21.jm-data.com\/wp-content\/uploads\/2021\/05\/jm-solution-netzwerk-skizze-scaled.jpg?resize=277%2C300 277w, https:\/\/i0.wp.com\/web21.jm-data.com\/wp-content\/uploads\/2021\/05\/jm-solution-netzwerk-skizze-scaled.jpg?resize=768%2C831 768w, https:\/\/i0.wp.com\/web21.jm-data.com\/wp-content\/uploads\/2021\/05\/jm-solution-netzwerk-skizze-scaled.jpg?resize=1419%2C1536 1419w, https:\/\/i0.wp.com\/web21.jm-data.com\/wp-content\/uploads\/2021\/05\/jm-solution-netzwerk-skizze-scaled.jpg?resize=1892%2C2048 1892w, https:\/\/i0.wp.com\/web21.jm-data.com\/wp-content\/uploads\/2021\/05\/jm-solution-netzwerk-skizze-scaled.jpg?resize=600%2C649 600w, https:\/\/i0.wp.com\/web21.jm-data.com\/wp-content\/uploads\/2021\/05\/jm-solution-netzwerk-skizze-scaled.jpg?w=2000 2000w\" sizes=\"(max-width: 946px) 100vw, 946px\" \/><\/p>\n","protected":false},"excerpt":{"rendered":"<p>ISP L\u00f6sungen von JM-DATA Wir als JM-DATA haben f\u00fcr Sie die perfekte L\u00f6sungen im Bereich: DOCSIS Netzwerke Fiber Netzwerke (GPON, GEPON, xPON, Active Ethernet und RFOG) Wireless Netzwerke xDSL Netzwerke JM-TESTSUITE Alle JM-DATA L\u00f6sungen sind perfekt auf Sie und untereinander abgestimmt und die Bedienung ist Plug&amp;Play. Der\u00a0JM-DATA ASSISTANT\u00a024&#215;7 Support rundet auch nach Inbetriebnahme das\u00a0Rund-um-sorglos-Paket f\u00fcr [&hellip;]<\/p>\n","protected":false},"author":5,"featured_media":0,"parent":0,"menu_order":0,"comment_status":"closed","ping_status":"closed","template":"","meta":{"site-sidebar-layout":"no-sidebar","site-content-layout":"page-builder","ast-site-content-layout":"","site-content-style":"default","site-sidebar-style":"default","ast-global-header-display":"","ast-banner-title-visibility":"","ast-main-header-display":"","ast-hfb-above-header-display":"","ast-hfb-below-header-display":"","ast-hfb-mobile-header-display":"","site-post-title":"disabled","ast-breadcrumbs-content":"","ast-featured-img":"disabled","footer-sml-layout":"","theme-transparent-header-meta":"default","adv-header-id-meta":"","stick-header-meta":"default","header-above-stick-meta":"","header-main-stick-meta":"","header-below-stick-meta":"","astra-migrate-meta-layouts":"default","ast-page-background-enabled":"default","ast-page-background-meta":{"desktop":{"background-color":"var(--ast-global-color-4)","background-image":"","background-repeat":"repeat","background-position":"center center","background-size":"auto","background-attachment":"scroll","background-type":"","background-media":"","overlay-type":"","overlay-color":"","overlay-gradient":""},"tablet":{"background-color":"","background-image":"","background-repeat":"repeat","background-position":"center center","background-size":"auto","background-attachment":"scroll","background-type":"","background-media":"","overlay-type":"","overlay-color":"","overlay-gradient":""},"mobile":{"background-color":"","background-image":"","background-repeat":"repeat","background-position":"center center","background-size":"auto","background-attachment":"scroll","background-type":"","background-media":"","overlay-type":"","overlay-color":"","overlay-gradient":""}},"ast-content-background-meta":{"desktop":{"background-color":"var(--ast-global-color-5)","background-image":"","background-repeat":"repeat","background-position":"center center","background-size":"auto","background-attachment":"scroll","background-type":"","background-media":"","overlay-type":"","overlay-color":"","overlay-gradient":""},"tablet":{"background-color":"var(--ast-global-color-5)","background-image":"","background-repeat":"repeat","background-position":"center center","background-size":"auto","background-attachment":"scroll","background-type":"","background-media":"","overlay-type":"","overlay-color":"","overlay-gradient":""},"mobile":{"background-color":"var(--ast-global-color-5)","background-image":"","background-repeat":"repeat","background-position":"center center","background-size":"auto","background-attachment":"scroll","background-type":"","background-media":"","overlay-type":"","overlay-color":"","overlay-gradient":""}},"footnotes":""},"translation":{"provider":"WPGlobus","version":"2.12.2","language":"de","enabled_languages":["en","de"],"languages":{"en":{"title":true,"content":true,"excerpt":false},"de":{"title":true,"content":true,"excerpt":false}}},"_links":{"self":[{"href":"https:\/\/web21.jm-data.com\/de\/wp-json\/wp\/v2\/pages\/2381"}],"collection":[{"href":"https:\/\/web21.jm-data.com\/de\/wp-json\/wp\/v2\/pages"}],"about":[{"href":"https:\/\/web21.jm-data.com\/de\/wp-json\/wp\/v2\/types\/page"}],"author":[{"embeddable":true,"href":"https:\/\/web21.jm-data.com\/de\/wp-json\/wp\/v2\/users\/5"}],"replies":[{"embeddable":true,"href":"https:\/\/web21.jm-data.com\/de\/wp-json\/wp\/v2\/comments?post=2381"}],"version-history":[{"count":74,"href":"https:\/\/web21.jm-data.com\/de\/wp-json\/wp\/v2\/pages\/2381\/revisions"}],"predecessor-version":[{"id":3837,"href":"https:\/\/web21.jm-data.com\/de\/wp-json\/wp\/v2\/pages\/2381\/revisions\/3837"}],"wp:attachment":[{"href":"https:\/\/web21.jm-data.com\/de\/wp-json\/wp\/v2\/media?parent=2381"}],"curies":[{"name":"wp","href":"https:\/\/api.w.org\/{rel}","templated":true}]}}