{"id":2400,"date":"2021-02-13T03:59:49","date_gmt":"2021-02-13T03:59:49","guid":{"rendered":"http:\/\/web21.jm-data.com\/?page_id=2400"},"modified":"2021-05-05T16:11:04","modified_gmt":"2021-05-05T16:11:04","slug":"success-story","status":"publish","type":"page","link":"https:\/\/web21.jm-data.com\/de\/geschichte-zum-erfolg\/","title":{"rendered":"Die Erfolgssgeschichte der JM-DATA"},"content":{"rendered":"<p>2021<br \/>\nsind mitten drin!<\/p>\n<p>2020<br \/>\nCorona hat die ganze Welt durcheinander gewirbelt &#8230; aber das neue ONU JF611-TV mit mehr Leistung hat das Homeworking und Homeschooling auf einen neuen Level gebracht. Nat\u00fcrlich ist auch dieses ONU komplett in unser JM-DATA ADMIN integriert. <\/p>\n<p>2019<br \/>\nUnser Kabelnetz in Steyregg hat jetzt die ersten Fiber Kunden! Unser JM-DATA ADMIN hat ein neues Layout bekommen und k\u00f6nnen jetzt auch mit unserem ACS Server Fremdger\u00e4t ganz einfach managen.<\/p>\n<p>2018<br \/>\nDie Hardware Palette wird erweitert. Somit werden nicht nur GEPON Anbieter sondern auch EDFA, Laser Anbieter. Somit k\u00f6nnen Kabelnetzbetreiber und FTTH Anbieter alles aus einer Hand kaufen. Vorteil: KEINE AUSREDEN \ud83d\ude42<br \/>\nUnd ein rundes Jahr: 20 Jahre JM-DATA!<\/p>\n<p>2017<br \/>\nJM-DATA bietet ab jetzt auch eigene FTTH Komponenten GEPON an unter dem Namen JM-DATA FIBRE (JM-FIBRE) Somit steigt JM-DATA in die Hardware Branche ein. (kurzzeitig hat das Produkt arrowFIBRE gehei\u00dfen, wurde aber auf JM-DATA FIBRE abge\u00e4ndert)<\/p>\n<p>2016<br \/>\nJM-DATA \u00fcbersiedelt nach Traun und hat ab jetzt das Schulungszentrum, Logistiklager und B\u00fcro wieder auf einen Standort (A-4050 Traun, Hackl-Str. 1 \/ Object 2).<br \/>\nWeiters wird auch ein komplett neues hochsicherheits Datacenter mit HAKA K\u00fcchen zusammen gebaut.<br \/>\nUnser CN-ADMIN wird auf den Namen JM-DATA ADMIN abge\u00e4ndert. Somit sind alle Produkte vorne mit JM-DATA versehen.<\/p>\n<p>2015<br \/>\nJM-DATA bringt das neue CN-ADMIN auf den Markt &#8211; Version Dragon Mountain.<\/p>\n<p>2014<br \/>\nJM-DATA hat das Kabelnetz Kapellen \u00fcbernommen.<\/p>\n<p>2013<br \/>\nJM-DATA gr\u00fcndet mit Herrn Andreas Kadlec die Firma &#8220;JAnetz GmbH&#8221; um die Endkunden einen noch professionelleren Support bieten zu k\u00f6nnen.<br \/>\nIn diesem Jahr wurde auch das Kabelnetz Neuberg an der M\u00fcrz \u00fcbernommen worden.<\/p>\n<p>2012<br \/>\nJM-DATA bringt DOCSIS 3.0 in die Kabelnetze.<\/p>\n<p>2011<br \/>\nAufgrund der immer wachsenden Investitionen wurde der operative Betrieb an die JM-DATA Telekom GmbH ausgegliedert. Die JM-DATA GmbH bleibt als Dachfirma bestehen. Die Entwicklung unserer Kernsoftware &#8220;CN-ADMIN&#8221; wurde nach Griechenland verlegt, um hier verst\u00e4rkt den Ostmarkt bedienen zu k\u00f6nnen<\/p>\n<p>2010<br \/>\nNeues Gesch\u00e4ftsfeld ist ein DOCSIS-Modem\/Router\/Wireless &#8211; Testsystem, welches alle diese Ger\u00e4te in einem Arbeitsgang testen kann. Erster Kunde ist die Firma  Synerlogis in Hamburg.<br \/>\nJM-DATA bekommt seinen ersten Kunden in Bosnien und somit ist das CN-ADMIN in \u00fcber 10 L\u00e4nder vertreten.<br \/>\nJM-DATA gr\u00fcndet eine neue Firma in Griechenland um dort komplett von 0 auf Kabel-TV, Internet und Telefon anzubieten. &#8211; &#8220;HCN &#8211; Hellenic Cable Networks&#8221;<\/p>\n<p>2009<br \/>\nJM-DATA bekommt den ersten Kunden in Kamerun (Afrika) (Firma Creolink Communication). Das Kabelnetz Steyregg wird im J\u00e4nner 2009 \u00fcbernommen. Tochterfirma AICALL beteiligt sich mit Mehrheit an der Firma Kabel-TV Braunau GmbH &#8211; der gr\u00f6\u00dfte Kabelbetreiber im Innviertel .<\/p>\n<p>2008<br \/>\nJM-DATA bekommt seinen ersten Kunden in Vietnam. Ebenfalls wird die JM-DATA, Inh. J\u00fcrgen Meixner zur JM-DATA GmbH umfirmiert. Mit 1. Juni 2008 \u00fcbernimmt JM-DATA die Kabelanlage Raab von Expert Wasmeir. JM-DATA sponserte von 20. Juli 2008 bis M\u00e4rz 2010 den LASK VIP Club  &#8220;JM-DATA Business Club&#8221;.<\/p>\n<p>2007<br \/>\nJM-DATA bekommt seinen ersten Kunden in Serbien.<br \/>\nMit 1. November 2007 \u00fcbernimmt JM-DATA die Kabelanlage Wartberg an der Krems von EP: Alois Kremsmair.<\/p>\n<p>2006<br \/>\nMit 10. J\u00e4nner 2006, wurde die Abteilung Telefonie in die AICALL Telekommunikations- Dienstleistungs GmbH ausgelagert.www.aicall.at<br \/>\nAuch das CN-ADMIN wurde erneuert und wird jetzt erstmals auch mit dem Betriebssystem Solaris ausgeliefert. JM-DATA geht damit auch eine verst\u00e4rkte Partnerschaft mit SUN ein und kann so den Kunden noch mehr Performance liefern.<br \/>\nDa JM-DATA mit seinen Kunden st\u00e4tig w\u00e4chst, haben wir seit Mitte 2006 wieder eine neue Adresse: Am Winterhafen 13, 4020 Linz<br \/>\nJM-DATA bekommt seinen ersten Kunden in der Schweiz.<\/p>\n<p>2005<br \/>\nErweiterung unseres Angebotes um PacketCable Digital Telefonie. Ab jetzt ist es m\u00f6glich, dass Kabelkunden zur gewohnten Festnetz Sprachqualit\u00e4t im Kabelnetz telefonieren k\u00f6nnen. (so wie bei der Telekom Austria AG),<br \/>\nJM-DATA bekommt seinen ersten Kunden in Mazedonien und Slovakai.<\/p>\n<p>2004<br \/>\nErweiterung unseres Angebotes um SIP Telefonie. Ab jetzt k\u00f6nnen unsere Kunden und unsere Partner dieses interessante und kosteng\u00fcnstige Produkt VOIP \u00fcber Kabelfernsehen nutzen und erfahren.<br \/>\nAuch in der Software haben wir das CN-ADMIN neu designed und ist ab jetzt verf\u00fcgbar &#8211; f\u00fcr Kabelbetreiber ein unverzichtbares Tool!<\/p>\n<p>2003<br \/>\nErweiterung eigener Infrastruktur in ganz \u00d6sterreich. Ab jetzt ist es uns m\u00f6glich, Highspeed Internet Anbindungen zu einem noch g\u00fcnstigeren Preis anzubieten.<br \/>\nDa unser B\u00fcro in der Petzoldstrasse zu klein wurde, sind wir in die Lederergasse 34, A-4020 Linz \u00fcbersiedelt. An unserem neuen Standort bieten wir Ihnen die M\u00f6glichkeit Ihre Server in unser neues Server Housing Center einzustellen. Nat\u00fcrlich mit der gewohnten Qualit\u00e4t von JM-DATA!<br \/>\nJM-DATA bekommt seinen ersten Kunden in Deutschland.<\/p>\n<p>2002<br \/>\nAb jetzt k\u00f6nnen wir Ihnen als Business Kunde, bzw. Kabelbetreiber Internet-Anbindungen oder Standortvernetzungen in ganz \u00d6sterreich anbieten.<br \/>\nDieses wird durch eine Kooperation mit mehreren Internet Service Providern und Leitungsanbietern bewerkstelligt. Dadurch haben wir in ganz \u00d6sterreich mehr als 42 Zugangsknoten zur Verf\u00fcgung. Dies erspart Ihnen Kosten und bietet Ihnen die M\u00f6glichkeit einen Ansprechpartner bei allen Ihren IT-Fragen zu haben.<\/p>\n<p>2001<br \/>\n\u00dcbersiedlung in die Petzoldstr. 14 in A-4020 Linz. Die dortige Infrastruktur gibt uns die M\u00f6glichkeit durch mehreren LWL Internet-Anbindungen Sie als Kunde besser betreuen zu k\u00f6nnen.<\/p>\n<p>2000<br \/>\nMit Normann Engineering etwickelt JM-DATA ein Konzept f\u00fcr Kabelbetreiber, welches die Aufgabe hat, dass Sie als Kabelbetreiber Internet \u00fcber Ihr HF-Netzwerk Ihren Kunden anbieten k\u00f6nnen. Dieses wird laufend weiterentwickelt, da die Serviceleistungen, mit welchen Sie Geld verdienen k\u00f6nnen st\u00e4tig ansteigen (z.Bsp. Gameserver, Shop Systeme, etc.).<\/p>\n<p>1999<br \/>\n&#8220;Linux go\u00b4s to Workstation&#8221; &#8211; JM-DATA kann ab jetzt auch g\u00fcnstige Linux L\u00f6sungen in Ihrem Betrieb auch auf Workstation PCs anbieten. Dieses macht die IT-Administration um einiges einfacher und hilft Ihnen als Unternehmer Geld zu sparen!<\/p>\n<p>1998<br \/>\nMit 01.04.1998 wurde das Unternehmen von J\u00fcrgen Meixner gegr\u00fcndet. Das Gesch\u00e4ftsfeld war Betreuung und Programmierung von Homepages mit Datenbankanbindungen. Dieses Konzept wurde dann rasch um die Betreuung von RedHat Linux Servern erweitert.<\/p>\n","protected":false},"excerpt":{"rendered":"<p>2021 sind mitten drin! 2020 Corona hat die ganze Welt durcheinander gewirbelt &#8230; aber das neue ONU JF611-TV mit mehr Leistung hat das Homeworking und Homeschooling auf einen neuen Level gebracht. Nat\u00fcrlich ist auch dieses ONU komplett in unser JM-DATA ADMIN integriert. 2019 Unser Kabelnetz in Steyregg hat jetzt die ersten Fiber Kunden! Unser JM-DATA [&hellip;]<\/p>\n","protected":false},"author":5,"featured_media":0,"parent":0,"menu_order":0,"comment_status":"closed","ping_status":"closed","template":"","meta":{"site-sidebar-layout":"default","site-content-layout":"default","ast-site-content-layout":"","site-content-style":"default","site-sidebar-style":"default","ast-global-header-display":"","ast-banner-title-visibility":"","ast-main-header-display":"","ast-hfb-above-header-display":"","ast-hfb-below-header-display":"","ast-hfb-mobile-header-display":"","site-post-title":"","ast-breadcrumbs-content":"","ast-featured-img":"","footer-sml-layout":"","theme-transparent-header-meta":"default","adv-header-id-meta":"","stick-header-meta":"default","header-above-stick-meta":"","header-main-stick-meta":"","header-below-stick-meta":"","astra-migrate-meta-layouts":"default","ast-page-background-enabled":"default","ast-page-background-meta":{"desktop":{"background-color":"var(--ast-global-color-4)","background-image":"","background-repeat":"repeat","background-position":"center center","background-size":"auto","background-attachment":"scroll","background-type":"","background-media":"","overlay-type":"","overlay-color":"","overlay-gradient":""},"tablet":{"background-color":"","background-image":"","background-repeat":"repeat","background-position":"center center","background-size":"auto","background-attachment":"scroll","background-type":"","background-media":"","overlay-type":"","overlay-color":"","overlay-gradient":""},"mobile":{"background-color":"","background-image":"","background-repeat":"repeat","background-position":"center center","background-size":"auto","background-attachment":"scroll","background-type":"","background-media":"","overlay-type":"","overlay-color":"","overlay-gradient":""}},"ast-content-background-meta":{"desktop":{"background-color":"var(--ast-global-color-5)","background-image":"","background-repeat":"repeat","background-position":"center center","background-size":"auto","background-attachment":"scroll","background-type":"","background-media":"","overlay-type":"","overlay-color":"","overlay-gradient":""},"tablet":{"background-color":"var(--ast-global-color-5)","background-image":"","background-repeat":"repeat","background-position":"center center","background-size":"auto","background-attachment":"scroll","background-type":"","background-media":"","overlay-type":"","overlay-color":"","overlay-gradient":""},"mobile":{"background-color":"var(--ast-global-color-5)","background-image":"","background-repeat":"repeat","background-position":"center center","background-size":"auto","background-attachment":"scroll","background-type":"","background-media":"","overlay-type":"","overlay-color":"","overlay-gradient":""}},"footnotes":""},"translation":{"provider":"WPGlobus","version":"2.12.2","language":"de","enabled_languages":["en","de"],"languages":{"en":{"title":true,"content":true,"excerpt":false},"de":{"title":true,"content":true,"excerpt":false}}},"_links":{"self":[{"href":"https:\/\/web21.jm-data.com\/de\/wp-json\/wp\/v2\/pages\/2400"}],"collection":[{"href":"https:\/\/web21.jm-data.com\/de\/wp-json\/wp\/v2\/pages"}],"about":[{"href":"https:\/\/web21.jm-data.com\/de\/wp-json\/wp\/v2\/types\/page"}],"author":[{"embeddable":true,"href":"https:\/\/web21.jm-data.com\/de\/wp-json\/wp\/v2\/users\/5"}],"replies":[{"embeddable":true,"href":"https:\/\/web21.jm-data.com\/de\/wp-json\/wp\/v2\/comments?post=2400"}],"version-history":[{"count":10,"href":"https:\/\/web21.jm-data.com\/de\/wp-json\/wp\/v2\/pages\/2400\/revisions"}],"predecessor-version":[{"id":2847,"href":"https:\/\/web21.jm-data.com\/de\/wp-json\/wp\/v2\/pages\/2400\/revisions\/2847"}],"wp:attachment":[{"href":"https:\/\/web21.jm-data.com\/de\/wp-json\/wp\/v2\/media?parent=2400"}],"curies":[{"name":"wp","href":"https:\/\/api.w.org\/{rel}","templated":true}]}}