{"id":3030,"date":"2021-05-13T11:16:46","date_gmt":"2021-05-13T11:16:46","guid":{"rendered":"http:\/\/web21.jm-data.com\/?page_id=3030"},"modified":"2021-05-16T19:03:09","modified_gmt":"2021-05-16T19:03:09","slug":"team","status":"publish","type":"page","link":"https:\/\/web21.jm-data.com\/de\/team\/","title":{"rendered":"Team"},"content":{"rendered":"<p><img loading=\"lazy\" decoding=\"async\" width=\"1200\" height=\"350\" src=\"http:\/\/web21.jm-data.com\/wp-content\/uploads\/2021\/05\/team-sailingboat-1.png\" alt=\"\" loading=\"lazy\" srcset=\"https:\/\/i0.wp.com\/web21.jm-data.com\/wp-content\/uploads\/2021\/05\/team-sailingboat-1.png?w=1200 1200w, https:\/\/i0.wp.com\/web21.jm-data.com\/wp-content\/uploads\/2021\/05\/team-sailingboat-1.png?resize=300%2C88 300w, https:\/\/i0.wp.com\/web21.jm-data.com\/wp-content\/uploads\/2021\/05\/team-sailingboat-1.png?resize=1024%2C299 1024w, https:\/\/i0.wp.com\/web21.jm-data.com\/wp-content\/uploads\/2021\/05\/team-sailingboat-1.png?resize=768%2C224 768w, https:\/\/i0.wp.com\/web21.jm-data.com\/wp-content\/uploads\/2021\/05\/team-sailingboat-1.png?resize=600%2C175 600w\" sizes=\"(max-width: 1200px) 100vw, 1200px\" \/>\t\t\t\t\t\t\t\t\t\t\t\t\t\t<\/p>\n<h2>JM-DATA Team<\/h2>\n<h3>Gesch\u00e4ftsf\u00fchrung<\/h3>\n<p>\t\t\t\t\t\t\t<img loading=\"lazy\" decoding=\"async\" width=\"199\" height=\"300\" src=\"http:\/\/web21.jm-data.com\/wp-content\/uploads\/2021\/05\/DSC_8735-scaled-1-1-199x300.jpg\" alt=\"\" loading=\"lazy\" \/>\t\t\t\t\t\t\t<\/p>\n<h5>J\u00fcrgen Meixner<\/h5>\n<p>\t\t\t\t\t\t\tCEO \/ Sales<br \/>\n\t\t\t\t\t\t\t\t\t\t\t\t\t\t\t\t<a href=\"https:\/\/www.facebook.com\/juergen.meixner\" target=\"_blank\" rel=\"noopener\"><br \/>\n\t\t\t\t\t\t\t\t\t\tFacebook<br \/>\n\t\t\t\t\t\t\t\t\t\t\t\t\t\t\t\t\t\t\t<\/a><br \/>\n\t\t\t\t\t\t\t\t\t\t\t\t\t\t\t\t\t\t\t\t\t\t\t\t\t<a href=\"mailto:jm@jm-data.at\" target=\"_blank\" rel=\"noopener\"><br \/>\n\t\t\t\t\t\t\t\t\t\tMail-bulk<br \/>\n\t\t\t\t\t\t\t\t\t\t\t\t\t\t\t\t\t\t\t<\/a><\/p>\n<h3>B\u00fcro<\/h3>\n<p>\t\t\t\t\t\t\t<img loading=\"lazy\" decoding=\"async\" width=\"300\" height=\"200\" src=\"http:\/\/web21.jm-data.com\/wp-content\/uploads\/2021\/05\/placeholder-1-1-300x200.png\" alt=\"\" loading=\"lazy\" \/>\t\t\t\t\t\t\t<\/p>\n<h5>Slada Causevic<\/h5>\n<p>\t\t\t\t\t\t\tOffice Manager<br \/>\n\t\t\t\t\t\t\t\t\t\t\t\t\t\t\t\t<a href=\"mailto:slada.causevic@jm-data.at\" target=\"_blank\" rel=\"noopener\"><br \/>\n\t\t\t\t\t\t\t\t\t\tMail-bulk<br \/>\n\t\t\t\t\t\t\t\t\t\t\t\t\t\t\t\t\t\t\t<\/a><br \/>\n\t\t\t\t\t\t\t<img loading=\"lazy\" decoding=\"async\" width=\"300\" height=\"200\" src=\"http:\/\/web21.jm-data.com\/wp-content\/uploads\/2021\/05\/placeholder-7-300x200.png\" alt=\"\" loading=\"lazy\" \/>\t\t\t\t\t\t\t<\/p>\n<h5>Vesna Meixner<\/h5>\n<p>\t\t\t\t\t\t\tBalkan Sales Manager<br \/>\n\t\t\t\t\t\t\t\t\t\t\t\t\t\t\t\t<a href=\"mailto:vm@jm-data.at\" target=\"_blank\" rel=\"noopener\"><br \/>\n\t\t\t\t\t\t\t\t\t\tMail-bulk<br \/>\n\t\t\t\t\t\t\t\t\t\t\t\t\t\t\t\t\t\t\t<\/a><\/p>\n<h3>IT<\/h3>\n<p>\t\t\t\t\t\t\t<img loading=\"lazy\" decoding=\"async\" width=\"667\" height=\"1000\" src=\"http:\/\/web21.jm-data.com\/wp-content\/uploads\/2021\/05\/jm-data_0076-1.jpg\" alt=\"\" loading=\"lazy\" \/>\t\t\t\t\t\t\t<\/p>\n<h5>Michael Neumann<\/h5>\n<p>\t\t\t\t\t\t\tProject Manager<br \/>\n\t\t\t\t\t\t\t\t\t\t\t\t\t\t\t\t<a href=\"mailto:michael.neumann@jm-data.at\" target=\"_blank\" rel=\"noopener\"><br \/>\n\t\t\t\t\t\t\t\t\t\tMail-bulk<br \/>\n\t\t\t\t\t\t\t\t\t\t\t\t\t\t\t\t\t\t\t<\/a><\/p>\n<h5>Support<\/h5>\n<p>\t\t\t\t\t\t\t<img loading=\"lazy\" decoding=\"async\" width=\"300\" height=\"200\" src=\"http:\/\/web21.jm-data.com\/wp-content\/uploads\/2021\/05\/placeholder-4-1-300x200.png\" alt=\"\" loading=\"lazy\" \/>\t\t\t\t\t\t\t<\/p>\n<h5>Victor Shestakov<\/h5>\n<p>\t\t\t\t\t\t\tSupport \/ FttH Products<br \/>\n\t\t\t\t\t\t\t\t\t\t\t\t\t\t\t\t<a href=\"mailto:victor.shestakov@jm-data.at\" target=\"_blank\" rel=\"noopener\"><br \/>\n\t\t\t\t\t\t\t\t\t\tMail-bulk<br \/>\n\t\t\t\t\t\t\t\t\t\t\t\t\t\t\t\t\t\t\t<\/a><br \/>\n\t\t\t\t\t\t\t<img loading=\"lazy\" decoding=\"async\" width=\"300\" height=\"200\" src=\"http:\/\/web21.jm-data.com\/wp-content\/uploads\/2021\/05\/placeholder-3-1-300x200.png\" alt=\"\" loading=\"lazy\" \/>\t\t\t\t\t\t\t<\/p>\n<h5>Alexander Strauss<\/h5>\n<p>\t\t\t\t\t\t\tSupport<br \/>\n\t\t\t\t\t\t\t\t\t\t\t\t\t\t\t\t<a href=\"mailto:alexander.strauss@jm-data.at\" target=\"_blank\" rel=\"noopener\"><br \/>\n\t\t\t\t\t\t\t\t\t\tMail-bulk<br \/>\n\t\t\t\t\t\t\t\t\t\t\t\t\t\t\t\t\t\t\t<\/a><\/p>\n<h3>aicall Telefonie Abteilung<\/h3>\n<p>\t\t\t\t\t\t\t<img loading=\"lazy\" decoding=\"async\" width=\"250\" height=\"180\" src=\"http:\/\/web21.jm-data.com\/wp-content\/uploads\/2021\/05\/guenther_frattner_web-1.png\" alt=\"\" loading=\"lazy\" \/>\t\t\t\t\t\t\t<\/p>\n<h5>G\u00fcnther Frattner<\/h5>\n<p>\t\t\t\t\t\t\taicall Telefonie<br \/>\n\t\t\t\t\t\t\t\t\t\t\t\t\t\t\t\t<a href=\"mailto:guenther.frattner@aicall.at\" target=\"_blank\" rel=\"noopener\"><br \/>\n\t\t\t\t\t\t\t\t\t\tMail-bulk<br \/>\n\t\t\t\t\t\t\t\t\t\t\t\t\t\t\t\t\t\t\t<\/a><br \/>\n\t\t\t\t\t\t\t<img loading=\"lazy\" decoding=\"async\" width=\"667\" height=\"1000\" src=\"http:\/\/web21.jm-data.com\/wp-content\/uploads\/2021\/05\/jm-data_0111-1.jpg\" alt=\"\" loading=\"lazy\" \/>\t\t\t\t\t\t\t<\/p>\n<h5>Ing. Hermann Pirklbauer<\/h5>\n<p>\t\t\t\t\t\t\taicall Telefonie<br \/>\n\t\t\t\t\t\t\t\t\t\t\t\t\t\t\t\t<a href=\"mailto:hermann.pirklbauer@aicall.at\" target=\"_blank\" rel=\"noopener\"><br \/>\n\t\t\t\t\t\t\t\t\t\tMail-bulk<br \/>\n\t\t\t\t\t\t\t\t\t\t\t\t\t\t\t\t\t\t\t<\/a><\/p>\n","protected":false},"excerpt":{"rendered":"<p>JM-DATA Team Gesch\u00e4ftsf\u00fchrung J\u00fcrgen Meixner CEO \/ Sales Facebook Mail-bulk B\u00fcro Slada Causevic Office Manager Mail-bulk Vesna Meixner Balkan Sales Manager Mail-bulk IT Michael Neumann Project Manager Mail-bulk Support Victor Shestakov Support \/ FttH Products Mail-bulk Alexander Strauss Support Mail-bulk aicall Telefonie Abteilung G\u00fcnther Frattner aicall Telefonie Mail-bulk Ing. Hermann Pirklbauer aicall Telefonie Mail-bulk<\/p>\n","protected":false},"author":5,"featured_media":0,"parent":0,"menu_order":0,"comment_status":"closed","ping_status":"closed","template":"","meta":{"site-sidebar-layout":"no-sidebar","site-content-layout":"page-builder","ast-site-content-layout":"","site-content-style":"default","site-sidebar-style":"default","ast-global-header-display":"","ast-banner-title-visibility":"","ast-main-header-display":"","ast-hfb-above-header-display":"","ast-hfb-below-header-display":"","ast-hfb-mobile-header-display":"","site-post-title":"disabled","ast-breadcrumbs-content":"","ast-featured-img":"disabled","footer-sml-layout":"","theme-transparent-header-meta":"default","adv-header-id-meta":"","stick-header-meta":"default","header-above-stick-meta":"","header-main-stick-meta":"","header-below-stick-meta":"","astra-migrate-meta-layouts":"default","ast-page-background-enabled":"default","ast-page-background-meta":{"desktop":{"background-color":"var(--ast-global-color-4)","background-image":"","background-repeat":"repeat","background-position":"center center","background-size":"auto","background-attachment":"scroll","background-type":"","background-media":"","overlay-type":"","overlay-color":"","overlay-gradient":""},"tablet":{"background-color":"","background-image":"","background-repeat":"repeat","background-position":"center center","background-size":"auto","background-attachment":"scroll","background-type":"","background-media":"","overlay-type":"","overlay-color":"","overlay-gradient":""},"mobile":{"background-color":"","background-image":"","background-repeat":"repeat","background-position":"center center","background-size":"auto","background-attachment":"scroll","background-type":"","background-media":"","overlay-type":"","overlay-color":"","overlay-gradient":""}},"ast-content-background-meta":{"desktop":{"background-color":"var(--ast-global-color-5)","background-image":"","background-repeat":"repeat","background-position":"center center","background-size":"auto","background-attachment":"scroll","background-type":"","background-media":"","overlay-type":"","overlay-color":"","overlay-gradient":""},"tablet":{"background-color":"var(--ast-global-color-5)","background-image":"","background-repeat":"repeat","background-position":"center center","background-size":"auto","background-attachment":"scroll","background-type":"","background-media":"","overlay-type":"","overlay-color":"","overlay-gradient":""},"mobile":{"background-color":"var(--ast-global-color-5)","background-image":"","background-repeat":"repeat","background-position":"center center","background-size":"auto","background-attachment":"scroll","background-type":"","background-media":"","overlay-type":"","overlay-color":"","overlay-gradient":""}},"footnotes":""},"translation":{"provider":"WPGlobus","version":"2.12.2","language":"de","enabled_languages":["en","de"],"languages":{"en":{"title":true,"content":true,"excerpt":false},"de":{"title":true,"content":true,"excerpt":false}}},"_links":{"self":[{"href":"https:\/\/web21.jm-data.com\/de\/wp-json\/wp\/v2\/pages\/3030"}],"collection":[{"href":"https:\/\/web21.jm-data.com\/de\/wp-json\/wp\/v2\/pages"}],"about":[{"href":"https:\/\/web21.jm-data.com\/de\/wp-json\/wp\/v2\/types\/page"}],"author":[{"embeddable":true,"href":"https:\/\/web21.jm-data.com\/de\/wp-json\/wp\/v2\/users\/5"}],"replies":[{"embeddable":true,"href":"https:\/\/web21.jm-data.com\/de\/wp-json\/wp\/v2\/comments?post=3030"}],"version-history":[{"count":71,"href":"https:\/\/web21.jm-data.com\/de\/wp-json\/wp\/v2\/pages\/3030\/revisions"}],"predecessor-version":[{"id":3343,"href":"https:\/\/web21.jm-data.com\/de\/wp-json\/wp\/v2\/pages\/3030\/revisions\/3343"}],"wp:attachment":[{"href":"https:\/\/web21.jm-data.com\/de\/wp-json\/wp\/v2\/media?parent=3030"}],"curies":[{"name":"wp","href":"https:\/\/api.w.org\/{rel}","templated":true}]}}